{"id":35,"date":"2017-05-05T20:39:44","date_gmt":"2017-05-05T20:39:44","guid":{"rendered":"http:\/\/kg-bundesbank.gdpbundespolizeikoblenz.de\/?page_id=35"},"modified":"2017-05-06T16:57:16","modified_gmt":"2017-05-06T14:57:16","slug":"mitglied-werden","status":"publish","type":"page","link":"https:\/\/kg-bundesbank.gdpbundespolizeikoblenz.de\/?page_id=35","title":{"rendered":"Mitglied werden"},"content":{"rendered":"<p>Liebe Kollegin, lieber Kollege,<br \/>\nwir freuen \u00fcber deine Mitgliedschaft in der Gewerkschaft der Polizei \u2013 Bezirk Bundespolizei. Die Beitrittserkl\u00e4rung kann hier herunter geladen oder direkt ausgef\u00fcllt und ausgedruckt werden.<\/p>\n<p><a href=\"http:\/\/gdpbundespolizeikoblenz.de\/wp-content\/uploads\/2015\/11\/150811_Formular_BUPO_Internet_ausfbar.pdf\">Beitrittserkl\u00e4rung Seite 1<\/a><\/p>\n<p><a href=\"http:\/\/gdpbundespolizeikoblenz.de\/wp-content\/uploads\/2015\/11\/Leistungen-NEU.pdf\">Leistungen-NEU<\/a><\/p>\n","protected":false},"excerpt":{"rendered":"<p>Liebe Kollegin, lieber Kollege, wir freuen \u00fcber deine Mitgliedschaft in der Gewerkschaft der Polizei \u2013 Bezirk Bundespolizei. Die Beitrittserkl\u00e4rung kann hier herunter geladen oder direkt ausgef\u00fcllt und ausgedruckt werden. Beitrittserkl\u00e4rung Seite 1 Leistungen-NEU<\/p>\n","protected":false},"author":1,"featured_media":0,"parent":29,"menu_order":3,"comment_status":"closed","ping_status":"closed","template":"","meta":{"footnotes":""},"class_list":["post-35","page","type-page","status-publish","hentry"],"_links":{"self":[{"href":"https:\/\/kg-bundesbank.gdpbundespolizeikoblenz.de\/index.php?rest_route=\/wp\/v2\/pages\/35","targetHints":{"allow":["GET"]}}],"collection":[{"href":"https:\/\/kg-bundesbank.gdpbundespolizeikoblenz.de\/index.php?rest_route=\/wp\/v2\/pages"}],"about":[{"href":"https:\/\/kg-bundesbank.gdpbundespolizeikoblenz.de\/index.php?rest_route=\/wp\/v2\/types\/page"}],"author":[{"embeddable":true,"href":"https:\/\/kg-bundesbank.gdpbundespolizeikoblenz.de\/index.php?rest_route=\/wp\/v2\/users\/1"}],"replies":[{"embeddable":true,"href":"https:\/\/kg-bundesbank.gdpbundespolizeikoblenz.de\/index.php?rest_route=%2Fwp%2Fv2%2Fcomments&post=35"}],"version-history":[{"count":3,"href":"https:\/\/kg-bundesbank.gdpbundespolizeikoblenz.de\/index.php?rest_route=\/wp\/v2\/pages\/35\/revisions"}],"predecessor-version":[{"id":1729,"href":"https:\/\/kg-bundesbank.gdpbundespolizeikoblenz.de\/index.php?rest_route=\/wp\/v2\/pages\/35\/revisions\/1729"}],"up":[{"embeddable":true,"href":"https:\/\/kg-bundesbank.gdpbundespolizeikoblenz.de\/index.php?rest_route=\/wp\/v2\/pages\/29"}],"wp:attachment":[{"href":"https:\/\/kg-bundesbank.gdpbundespolizeikoblenz.de\/index.php?rest_route=%2Fwp%2Fv2%2Fmedia&parent=35"}],"curies":[{"name":"wp","href":"https:\/\/api.w.org\/{rel}","templated":true}]}}